{"id":134,"date":"2022-09-02T17:56:36","date_gmt":"2022-09-02T17:56:36","guid":{"rendered":"https:\/\/iphonetech.com.ar\/?page_id=134"},"modified":"2022-09-02T22:11:12","modified_gmt":"2022-09-02T22:11:12","slug":"motorola","status":"publish","type":"page","link":"https:\/\/iphonetech.com.ar\/?page_id=134","title":{"rendered":"Motorola"},"content":{"rendered":"\t\t<div data-elementor-type=\"wp-page\" data-elementor-id=\"134\" class=\"elementor elementor-134\" data-elementor-settings=\"[]\">\n\t\t\t\t\t\t\t<div class=\"elementor-section-wrap\">\n\t\t\t\t\t\t\t<section class=\"elementor-section elementor-top-section elementor-element elementor-element-7f48cea elementor-section-boxed elementor-section-height-default elementor-section-height-default\" data-id=\"7f48cea\" data-element_type=\"section\">\n\t\t\t\t\t\t<div class=\"elementor-container elementor-column-gap-default\">\n\t\t\t\t\t<div class=\"elementor-column elementor-col-100 elementor-top-column elementor-element elementor-element-bd7d968\" data-id=\"bd7d968\" data-element_type=\"column\">\n\t\t\t<div class=\"elementor-widget-wrap elementor-element-populated\">\n\t\t\t\t\t\t\t\t<div class=\"elementor-element elementor-element-6ee93d5 elementor-widget elementor-widget-text-editor\" data-id=\"6ee93d5\" data-element_type=\"widget\" data-widget_type=\"text-editor.default\">\n\t\t\t\t<div class=\"elementor-widget-container\">\n\t\t\t\t\t\t\t<p>LLEV\u00c1 TU TEL\u00c9FONO A SU ESTADO ORIGINAL<\/p><p>Reparando tu Motorola en iPhoneTech, puedes volver a utilizar las aplicaciones, realizar video llamadas, juega y mucho m\u00e1s. Conecta el tel\u00e9fono de forma inal\u00e1mbrica a un TV y disfruta de todo su potencial nuevamente.<\/p><p>Potencia tu experiencia en entretenimiento, creatividad y conexi\u00f3n con nuestras reparaciones de pantallas y bater\u00edas originales que ofrecen una capacidad de respuesta 20 % m\u00e1s r\u00e1pida que los repuestos alternativos. Saca fotos nuevamente y graba videos de forma 35 % m\u00e1s r\u00e1pida y captura m\u00e1s de mil millones de tonos de color. Usa la red m\u00f3vil Wi-Fi m\u00e1s veloz que hay en la industria. Disfruta de un sonido n\u00edtido gracias a los altavoces originales que colocamos.<\/p><p>Nadie quiere quedarse sin bater\u00eda, especialmente antes de una salida nocturna o un intenso d\u00eda de trabajo, colocamos bater\u00edas originales en 24hs que ofrecen un alto rendimiento y te permite obtener la potencia necesaria para todo el d\u00eda, de modo que puedas realizar una carga r\u00e1pida y seguir haciendo lo que te gusta.<\/p><p>Repara tu Motorola con nosotros, rep\u00e1ralo en iPhoneTech<\/p>\t\t\t\t\t\t<\/div>\n\t\t\t\t<\/div>\n\t\t\t\t\t<\/div>\n\t\t<\/div>\n\t\t\t\t\t\t\t<\/div>\n\t\t<\/section>\n\t\t\t\t<section class=\"elementor-section elementor-top-section elementor-element elementor-element-155c3b2 elementor-section-boxed elementor-section-height-default elementor-section-height-default\" data-id=\"155c3b2\" data-element_type=\"section\">\n\t\t\t\t\t\t<div class=\"elementor-container elementor-column-gap-default\">\n\t\t\t\t\t<div class=\"elementor-column elementor-col-100 elementor-top-column elementor-element elementor-element-826eaf1\" data-id=\"826eaf1\" data-element_type=\"column\">\n\t\t\t<div class=\"elementor-widget-wrap elementor-element-populated\">\n\t\t\t\t\t\t\t\t<div class=\"elementor-element elementor-element-e9cfbaf elementor--h-position-center elementor--v-position-middle elementor-arrows-position-inside elementor-pagination-position-inside elementor-widget elementor-widget-slides\" data-id=\"e9cfbaf\" data-element_type=\"widget\" data-settings=\"{&quot;transition&quot;:&quot;fade&quot;,&quot;navigation&quot;:&quot;both&quot;,&quot;autoplay&quot;:&quot;yes&quot;,&quot;pause_on_hover&quot;:&quot;yes&quot;,&quot;pause_on_interaction&quot;:&quot;yes&quot;,&quot;autoplay_speed&quot;:5000,&quot;infinite&quot;:&quot;yes&quot;,&quot;transition_speed&quot;:500}\" data-widget_type=\"slides.default\">\n\t\t\t\t<div class=\"elementor-widget-container\">\n\t\t\t\t\t<div class=\"elementor-swiper\">\n\t\t\t<div class=\"elementor-slides-wrapper elementor-main-swiper swiper-container\" dir=\"ltr\" data-animation=\"\">\n\t\t\t\t<div class=\"swiper-wrapper elementor-slides\">\n\t\t\t\t\t\t\t\t\t\t<div class=\"elementor-repeater-item-d744217 swiper-slide\"><div class=\"swiper-slide-bg\"><\/div><div class=\"elementor-background-overlay\"><\/div><a class=\"swiper-slide-inner\" href=\"https:\/\/wa.me\/541162399811\"><div class=\"swiper-slide-contents\"><div class=\"elementor-slide-heading\"> Solicitar presupuesto...<\/div><div  class=\"elementor-button elementor-slide-button elementor-size-sm\">Click Here<\/div><\/div><\/a><\/div><div class=\"elementor-repeater-item-d14d59d swiper-slide\"><div class=\"swiper-slide-bg\"><\/div><div class=\"elementor-background-overlay\"><\/div><a class=\"swiper-slide-inner\" href=\"https:\/\/wa.me\/541162399811\"><div class=\"swiper-slide-contents\"><div class=\"elementor-slide-heading\"> Solicitar presupuesto...<\/div><div  class=\"elementor-button elementor-slide-button elementor-size-sm\">Click Here<\/div><\/div><\/a><\/div><div class=\"elementor-repeater-item-ae78e95 swiper-slide\"><div class=\"swiper-slide-bg\"><\/div><div class=\"elementor-background-overlay\"><\/div><a class=\"swiper-slide-inner\" href=\"https:\/\/wa.me\/541162399811\"><div class=\"swiper-slide-contents\"><div class=\"elementor-slide-heading\"> Solicitar presupuesto...<\/div><div  class=\"elementor-button elementor-slide-button elementor-size-sm\">Click Here<\/div><\/div><\/a><\/div><div class=\"elementor-repeater-item-4535527 swiper-slide\"><div class=\"swiper-slide-bg\"><\/div><div class=\"elementor-background-overlay\"><\/div><a class=\"swiper-slide-inner\" href=\"https:\/\/wa.me\/541162399811\"><div class=\"swiper-slide-contents\"><div class=\"elementor-slide-heading\"> Solicitar presupuesto...<\/div><div  class=\"elementor-button elementor-slide-button elementor-size-sm\">Click Here<\/div><\/div><\/a><\/div><div class=\"elementor-repeater-item-2a878f8 swiper-slide\"><div class=\"swiper-slide-bg\"><\/div><div class=\"elementor-background-overlay\"><\/div><a class=\"swiper-slide-inner\" href=\"https:\/\/wa.me\/541162399811\"><div class=\"swiper-slide-contents\"><div class=\"elementor-slide-heading\"> Solicitar presupuesto...<\/div><div  class=\"elementor-button elementor-slide-button elementor-size-sm\">Click Here<\/div><\/div><\/a><\/div><div class=\"elementor-repeater-item-20e70e9 swiper-slide\"><div class=\"swiper-slide-bg\"><\/div><div class=\"elementor-background-overlay\"><\/div><a class=\"swiper-slide-inner\" href=\"https:\/\/wa.me\/541162399811\"><div class=\"swiper-slide-contents\"><div class=\"elementor-slide-heading\"> Solicitar presupuesto...<\/div><div  class=\"elementor-button elementor-slide-button elementor-size-sm\">Click Here<\/div><\/div><\/a><\/div><div class=\"elementor-repeater-item-8ca0090 swiper-slide\"><div class=\"swiper-slide-bg\"><\/div><div class=\"elementor-background-overlay\"><\/div><a class=\"swiper-slide-inner\" href=\"https:\/\/wa.me\/541162399811\"><div class=\"swiper-slide-contents\"><div class=\"elementor-slide-heading\"> Solicitar presupuesto...<\/div><div  class=\"elementor-button elementor-slide-button elementor-size-sm\">Click Here<\/div><\/div><\/a><\/div><div class=\"elementor-repeater-item-491e9dc swiper-slide\"><div class=\"swiper-slide-bg\"><\/div><div class=\"elementor-background-overlay\"><\/div><a class=\"swiper-slide-inner\" href=\"https:\/\/wa.me\/541162399811\"><div class=\"swiper-slide-contents\"><div class=\"elementor-slide-heading\"> Solicitar presupuesto...<\/div><div class=\"elementor-slide-description\">.<\/div><div  class=\"elementor-button elementor-slide-button elementor-size-sm\">Click Here<\/div><\/div><\/a><\/div>\t\t\t\t<\/div>\n\t\t\t\t\t\t\t\t\t\t\t\t\t\t\t<div class=\"swiper-pagination\"><\/div>\n\t\t\t\t\t\t\t\t\t\t\t\t\t\t\t\t<div class=\"elementor-swiper-button elementor-swiper-button-prev\">\n\t\t\t\t\t\t\t<i aria-hidden=\"true\" class=\"eicon-chevron-left\"><\/i>\t\t\t\t\t\t\t<span class=\"elementor-screen-only\">Previous<\/span>\n\t\t\t\t\t\t<\/div>\n\t\t\t\t\t\t<div class=\"elementor-swiper-button elementor-swiper-button-next\">\n\t\t\t\t\t\t\t<i aria-hidden=\"true\" class=\"eicon-chevron-right\"><\/i>\t\t\t\t\t\t\t<span class=\"elementor-screen-only\">Next<\/span>\n\t\t\t\t\t\t<\/div>\n\t\t\t\t\t\t\t\t\t\t\t\t<\/div>\n\t\t<\/div>\n\t\t\t\t<\/div>\n\t\t\t\t<\/div>\n\t\t\t\t\t<\/div>\n\t\t<\/div>\n\t\t\t\t\t\t\t<\/div>\n\t\t<\/section>\n\t\t\t\t\t\t<\/div>\n\t\t\t\t\t<\/div>\n\t\t","protected":false},"excerpt":{"rendered":"<p>LLEV\u00c1 TU TEL\u00c9FONO A SU ESTADO ORIGINAL Reparando tu Motorola en iPhoneTech, puedes volver a utilizar las aplicaciones, realizar video llamadas, juega y mucho m\u00e1s. Conecta el tel\u00e9fono de forma inal\u00e1mbrica a un TV y disfruta de todo su potencial nuevamente. Potencia tu experiencia en entretenimiento, creatividad y conexi\u00f3n con nuestras reparaciones de pantallas y <a href=\"https:\/\/iphonetech.com.ar\/?page_id=134\" rel=\"nofollow\"><span class=\"sr-only\">Read more about Motorola<\/span>[&hellip;]<\/a><\/p>\n","protected":false},"author":1,"featured_media":0,"parent":0,"menu_order":0,"comment_status":"closed","ping_status":"closed","template":"","meta":{"_monsterinsights_skip_tracking":false,"_monsterinsights_sitenote_active":false,"_monsterinsights_sitenote_note":"","_monsterinsights_sitenote_category":0,"footnotes":""},"class_list":["post-134","page","type-page","status-publish","hentry"],"_links":{"self":[{"href":"https:\/\/iphonetech.com.ar\/index.php?rest_route=\/wp\/v2\/pages\/134"}],"collection":[{"href":"https:\/\/iphonetech.com.ar\/index.php?rest_route=\/wp\/v2\/pages"}],"about":[{"href":"https:\/\/iphonetech.com.ar\/index.php?rest_route=\/wp\/v2\/types\/page"}],"author":[{"embeddable":true,"href":"https:\/\/iphonetech.com.ar\/index.php?rest_route=\/wp\/v2\/users\/1"}],"replies":[{"embeddable":true,"href":"https:\/\/iphonetech.com.ar\/index.php?rest_route=%2Fwp%2Fv2%2Fcomments&post=134"}],"version-history":[{"count":136,"href":"https:\/\/iphonetech.com.ar\/index.php?rest_route=\/wp\/v2\/pages\/134\/revisions"}],"predecessor-version":[{"id":489,"href":"https:\/\/iphonetech.com.ar\/index.php?rest_route=\/wp\/v2\/pages\/134\/revisions\/489"}],"wp:attachment":[{"href":"https:\/\/iphonetech.com.ar\/index.php?rest_route=%2Fwp%2Fv2%2Fmedia&parent=134"}],"curies":[{"name":"wp","href":"https:\/\/api.w.org\/{rel}","templated":true}]}}