{"id":138,"date":"2022-09-02T17:58:09","date_gmt":"2022-09-02T17:58:09","guid":{"rendered":"https:\/\/iphonetech.com.ar\/?page_id=138"},"modified":"2022-09-05T14:10:41","modified_gmt":"2022-09-05T14:10:41","slug":"notebook","status":"publish","type":"page","link":"https:\/\/iphonetech.com.ar\/?page_id=138","title":{"rendered":"Notebook"},"content":{"rendered":"\t\t<div data-elementor-type=\"wp-page\" data-elementor-id=\"138\" class=\"elementor elementor-138\" data-elementor-settings=\"[]\">\n\t\t\t\t\t\t\t<div class=\"elementor-section-wrap\">\n\t\t\t\t\t\t\t<section class=\"elementor-section elementor-top-section elementor-element elementor-element-f639c59 elementor-section-boxed elementor-section-height-default elementor-section-height-default\" data-id=\"f639c59\" data-element_type=\"section\">\n\t\t\t\t\t\t<div class=\"elementor-container elementor-column-gap-default\">\n\t\t\t\t\t<div class=\"elementor-column elementor-col-100 elementor-top-column elementor-element elementor-element-21a3030\" data-id=\"21a3030\" data-element_type=\"column\">\n\t\t\t<div class=\"elementor-widget-wrap elementor-element-populated\">\n\t\t\t\t\t\t\t\t<section class=\"elementor-section elementor-inner-section elementor-element elementor-element-4999d73 elementor-section-boxed elementor-section-height-default elementor-section-height-default\" data-id=\"4999d73\" data-element_type=\"section\">\n\t\t\t\t\t\t<div class=\"elementor-container elementor-column-gap-default\">\n\t\t\t\t\t<div class=\"elementor-column elementor-col-25 elementor-inner-column elementor-element elementor-element-cfc5bb4\" data-id=\"cfc5bb4\" data-element_type=\"column\">\n\t\t\t<div class=\"elementor-widget-wrap elementor-element-populated\">\n\t\t\t\t\t\t\t\t<div class=\"elementor-element elementor-element-7aaaf84 elementor-widget elementor-widget-text-editor\" data-id=\"7aaaf84\" data-element_type=\"widget\" data-widget_type=\"text-editor.default\">\n\t\t\t\t<div class=\"elementor-widget-container\">\n\t\t\t\t\t\t\t<h4 class=\"vc_custom_heading\">Notebook \/ Netbook<\/h4><div class=\"wpb_text_column wpb_content_element \"><div class=\"wpb_wrapper\"><h5>\u00bfProblemas con tu Notebook Netbook o All in One<\/h5><h6>Realizamos las siguientes reparaciones.<\/h6><ul><li>Pantallas<\/li><li>Memorias<\/li><li>Teclados<\/li><li>Coolers<\/li><li>Discos duros<\/li><li>Bisagras<\/li><li>Inverter<\/li><li>Baterias<\/li><li>Cargadores<\/li><\/ul><\/div><\/div>\t\t\t\t\t\t<\/div>\n\t\t\t\t<\/div>\n\t\t\t\t\t<\/div>\n\t\t<\/div>\n\t\t\t\t<div class=\"elementor-column elementor-col-25 elementor-inner-column elementor-element elementor-element-0b5d166\" data-id=\"0b5d166\" data-element_type=\"column\">\n\t\t\t<div class=\"elementor-widget-wrap elementor-element-populated\">\n\t\t\t\t\t\t\t\t<div class=\"elementor-element elementor-element-41e3eeb elementor-widget elementor-widget-text-editor\" data-id=\"41e3eeb\" data-element_type=\"widget\" data-widget_type=\"text-editor.default\">\n\t\t\t\t<div class=\"elementor-widget-container\">\n\t\t\t\t\t\t\t<h4 class=\"vc_custom_heading\">\u00bfSe rompi\u00f3 tu equipo?<\/h4><div class=\"wpb_text_column wpb_content_element \"><div class=\"wpb_wrapper\"><h5>\u00bfSe rompi\u00f3 tu equipo?<\/h5><h6>\u00a0Brindamos:<\/h6><ul><li>Atenci\u00f3n y respuesta inmediata<\/li><li>Repuestos originales<\/li><li>Garant\u00eda en todas las reparaciones t\u00e9cnicas<\/li><li>Cambio de pantalla de todos los productos<\/li><li>Cambio de carcasas originales<\/li><li>Reparaci\u00f3n de discos r\u00edgidos<\/li><li>Reparaciones de Software y virus<\/li><\/ul><\/div><\/div>\t\t\t\t\t\t<\/div>\n\t\t\t\t<\/div>\n\t\t\t\t\t<\/div>\n\t\t<\/div>\n\t\t\t\t<div class=\"elementor-column elementor-col-25 elementor-inner-column elementor-element elementor-element-58292ea\" data-id=\"58292ea\" data-element_type=\"column\">\n\t\t\t<div class=\"elementor-widget-wrap elementor-element-populated\">\n\t\t\t\t\t\t\t\t<div class=\"elementor-element elementor-element-c38f5b5 elementor-widget elementor-widget-text-editor\" data-id=\"c38f5b5\" data-element_type=\"widget\" data-widget_type=\"text-editor.default\">\n\t\t\t\t<div class=\"elementor-widget-container\">\n\t\t\t\t\t\t\t<h4 class=\"vc_custom_heading\">\u00bfNecesit\u00e1s reparar tu dispositivo movil?<\/h4><div class=\"wpb_text_column wpb_content_element \"><div class=\"wpb_wrapper\"><h6>Traelo hoy mismo a nuestra oficina!<\/h6><p><strong>Acer \u2013 Compaq \u2013 Sony \u2013 BGH \u2013 HP \u2013 LG \u2013 Lenovo \u2013 Toshiba \u2013 Dell \u2013 Asus \u2013 Exo<\/strong><\/p><p>Con el mejor equipo de t\u00e9cnicos especializados en reparaciones de tecnolog\u00eda. Nuestros presupuestos son sin cargo.\u00a0No dudes en consultarnos por el problema que est\u00e9s teniendo con tus equipos, te responderemos a la brevedad..<\/p><\/div><\/div>\t\t\t\t\t\t<\/div>\n\t\t\t\t<\/div>\n\t\t\t\t\t<\/div>\n\t\t<\/div>\n\t\t\t\t<div class=\"elementor-column elementor-col-25 elementor-inner-column elementor-element elementor-element-cd63e29\" data-id=\"cd63e29\" data-element_type=\"column\">\n\t\t\t<div class=\"elementor-widget-wrap elementor-element-populated\">\n\t\t\t\t\t\t\t\t<div class=\"elementor-element elementor-element-e4e2d99 elementor-widget elementor-widget-text-editor\" data-id=\"e4e2d99\" data-element_type=\"widget\" data-widget_type=\"text-editor.default\">\n\t\t\t\t<div class=\"elementor-widget-container\">\n\t\t\t\t\t\t\t<h4 class=\"vc_custom_heading\">Rapidez en las reparaciones<\/h4><div class=\"wpb_text_column wpb_content_element \"><div class=\"wpb_wrapper\"><p>Repuestos nuevos originales o alternativos, segun situacion.<\/p><p>Presupuestos sin cargo. Garantia escrita<\/p><p>Prontitud y calidad, nuestros pilares<\/p><\/div><\/div>\t\t\t\t\t\t<\/div>\n\t\t\t\t<\/div>\n\t\t\t\t\t<\/div>\n\t\t<\/div>\n\t\t\t\t\t\t\t<\/div>\n\t\t<\/section>\n\t\t\t\t\t<\/div>\n\t\t<\/div>\n\t\t\t\t\t\t\t<\/div>\n\t\t<\/section>\n\t\t\t\t\t\t<\/div>\n\t\t\t\t\t<\/div>\n\t\t","protected":false},"excerpt":{"rendered":"<p>Notebook \/ Netbook \u00bfProblemas con tu Notebook Netbook o All in One Realizamos las siguientes reparaciones. Pantallas Memorias Teclados Coolers Discos duros Bisagras Inverter Baterias Cargadores \u00bfSe rompi\u00f3 tu equipo? \u00bfSe rompi\u00f3 tu equipo? \u00a0Brindamos: Atenci\u00f3n y respuesta inmediata Repuestos originales Garant\u00eda en todas las reparaciones t\u00e9cnicas Cambio de pantalla de todos los productos Cambio <a href=\"https:\/\/iphonetech.com.ar\/?page_id=138\" rel=\"nofollow\"><span class=\"sr-only\">Read more about Notebook<\/span>[&hellip;]<\/a><\/p>\n","protected":false},"author":1,"featured_media":0,"parent":0,"menu_order":0,"comment_status":"closed","ping_status":"closed","template":"","meta":{"_monsterinsights_skip_tracking":false,"_monsterinsights_sitenote_active":false,"_monsterinsights_sitenote_note":"","_monsterinsights_sitenote_category":0,"footnotes":""},"class_list":["post-138","page","type-page","status-publish","hentry"],"_links":{"self":[{"href":"https:\/\/iphonetech.com.ar\/index.php?rest_route=\/wp\/v2\/pages\/138"}],"collection":[{"href":"https:\/\/iphonetech.com.ar\/index.php?rest_route=\/wp\/v2\/pages"}],"about":[{"href":"https:\/\/iphonetech.com.ar\/index.php?rest_route=\/wp\/v2\/types\/page"}],"author":[{"embeddable":true,"href":"https:\/\/iphonetech.com.ar\/index.php?rest_route=\/wp\/v2\/users\/1"}],"replies":[{"embeddable":true,"href":"https:\/\/iphonetech.com.ar\/index.php?rest_route=%2Fwp%2Fv2%2Fcomments&post=138"}],"version-history":[{"count":19,"href":"https:\/\/iphonetech.com.ar\/index.php?rest_route=\/wp\/v2\/pages\/138\/revisions"}],"predecessor-version":[{"id":545,"href":"https:\/\/iphonetech.com.ar\/index.php?rest_route=\/wp\/v2\/pages\/138\/revisions\/545"}],"wp:attachment":[{"href":"https:\/\/iphonetech.com.ar\/index.php?rest_route=%2Fwp%2Fv2%2Fmedia&parent=138"}],"curies":[{"name":"wp","href":"https:\/\/api.w.org\/{rel}","templated":true}]}}